{"id":1005,"date":"2025-01-23T13:33:17","date_gmt":"2025-01-23T12:33:17","guid":{"rendered":"https:\/\/www.makena.de\/stories\/?page_id=1005"},"modified":"2025-04-14T11:19:59","modified_gmt":"2025-04-14T09:19:59","slug":"impressum","status":"publish","type":"page","link":"https:\/\/www.makena.de\/stories\/impressum\/","title":{"rendered":"Impressum"},"content":{"rendered":"\t\t<div data-elementor-type=\"wp-page\" data-elementor-id=\"1005\" class=\"elementor elementor-1005\" data-elementor-post-type=\"page\">\n\t\t\t\t<div class=\"elementor-element elementor-element-69cb930 e-flex e-con-boxed e-con e-parent\" data-id=\"69cb930\" data-element_type=\"container\" data-settings=\"{&quot;background_background&quot;:&quot;classic&quot;}\">\n\t\t\t\t\t<div class=\"e-con-inner\">\n\t\t<div class=\"elementor-element elementor-element-69ebd5e e-con-full e-flex e-con e-child\" data-id=\"69ebd5e\" data-element_type=\"container\">\n\t\t\t\t<div class=\"elementor-element elementor-element-e332e8c elementor-widget elementor-widget-heading\" data-id=\"e332e8c\" data-element_type=\"widget\" data-widget_type=\"heading.default\">\n\t\t\t\t<div class=\"elementor-widget-container\">\n\t\t\t\t\t<h2 class=\"elementor-heading-title elementor-size-default\">Impressum<\/h2>\t\t\t\t<\/div>\n\t\t\t\t<\/div>\n\t\t\t\t<div class=\"elementor-element elementor-element-d2a6436 elementor-widget elementor-widget-text-editor\" data-id=\"d2a6436\" data-element_type=\"widget\" data-widget_type=\"text-editor.default\">\n\t\t\t\t<div class=\"elementor-widget-container\">\n\t\t\t\t\t\t\t\t\t<p><strong>\u201emakena Architektur &amp; Design stories\u201c<\/strong><\/p><p><strong>ver\u00f6ffentlicht von:<\/strong><br \/>makena plangrafik GbR<br \/>Architektur &amp; Design<br \/>Karl-Heine-Stra\u00dfe 91<br \/>04229 Leipzig<\/p><p><strong>Vertreten durch:<\/strong><br \/>Babett B\u00f6rner<br \/>Katrin Hofmann<\/p><p><strong>Kontakt<br \/><\/strong>Telefon: (0341) 46108930<br \/>Telefax: (0341) 46108931<br \/>E-Mail: stories@makena.de<\/p><p><strong>Umsatzsteuer-ID<br \/><\/strong>Umsatzsteuer-Identifikationsnummer gem\u00e4\u00df \u00a7 27 a Umsatzsteuergesetz:<br \/>DE268037307<\/p><p><strong>Berufsbezeichnung und berufsrechtliche Regelungen<\/strong><\/p><p><strong>Berufsbezeichnung:<\/strong><br \/>Babett B\u00f6rner, Architektin<\/p><p><strong>Zust\u00e4ndige Kammer:<\/strong><br \/>Architektenkammer Sachsen<br \/>K\u00f6rperschaft des \u00f6ffentlichen Rechts<br \/>Haus der Architekten<br \/>Goetheallee 37<br \/>01309 Dresden<\/p><p>Verliehen in:<br \/>Deutschland<\/p><p><strong>Angaben zur Berufs\u00adhaftpflicht\u00adversicherung<\/strong><\/p><p><strong>Name und Sitz des Versicherers:<\/strong><br \/>AIA AG<br \/>Kaistr. 13<br \/>40221 D\u00fcsseldorf<\/p><p><strong>Geltungsraum der Versicherung:<\/strong><br \/>Deutschland<\/p><p><strong>Redaktionell verantwortlich<\/strong><br \/>Katrin Hofmann<br \/>Babett B\u00f6rner<br \/>Karl-Heine-Stra\u00dfe 91<br \/>04229 Leipzig<\/p><p><strong>EU-Streitschlichtung<br \/><\/strong>Die Europ\u00e4ische Kommission stellt eine Plattform zur Online-Streitbeilegung (OS) bereit: <a href=\"https:\/\/ec.europa.eu\/consumers\/odr\/\" target=\"_blank\" rel=\"noopener noreferrer\">https:\/\/ec.europa.eu\/consumers\/odr\/<\/a>.<br \/>Unsere E-Mail-Adresse finden Sie oben im Impressum.<\/p><p><strong>Verbraucher\u00adstreit\u00adbeilegung\/Universal\u00adschlichtungs\u00adstelle<br \/><\/strong>Wir nehmen an einem Streitbeilegungsverfahren vor einer Verbraucherschlichtungsstelle teil. Zust\u00e4ndig ist die Universalschlichtungsstelle des Zentrums f\u00fcr Schlichtung e.V., Stra\u00dfburger Stra\u00dfe 8, 77694 Kehl am Rhein (<a href=\"https:\/\/www.verbraucher-schlichter.de\" target=\"_blank\" rel=\"noopener noreferrer\">https:\/\/www.verbraucher-schlichter.de<\/a>).<\/p>\t\t\t\t\t\t\t\t<\/div>\n\t\t\t\t<\/div>\n\t\t\t\t<\/div>\n\t\t\t\t\t<\/div>\n\t\t\t\t<\/div>\n\t\t\t\t<\/div>\n\t\t","protected":false},"excerpt":{"rendered":"<p>Impressum \u201emakena Architektur &amp; Design stories\u201c ver\u00f6ffentlicht von:makena plangrafik GbRArchitektur &amp; DesignKarl-Heine-Stra\u00dfe 9104229 Leipzig Vertreten durch:Babett B\u00f6rnerKatrin Hofmann KontaktTelefon: (0341) 46108930Telefax: (0341) 46108931E-Mail: stories@makena.de Umsatzsteuer-IDUmsatzsteuer-Identifikationsnummer gem\u00e4\u00df \u00a7 27 a Umsatzsteuergesetz:DE268037307 Berufsbezeichnung und berufsrechtliche Regelungen Berufsbezeichnung:Babett B\u00f6rner, Architektin Zust\u00e4ndige Kammer:Architektenkammer SachsenK\u00f6rperschaft des \u00f6ffentlichen RechtsHaus der ArchitektenGoetheallee 3701309 Dresden Verliehen in:Deutschland Angaben zur Berufs\u00adhaftpflicht\u00adversicherung Name und Sitz &#8230; <a title=\"Impressum\" class=\"read-more\" href=\"https:\/\/www.makena.de\/stories\/impressum\/\" aria-label=\"Mehr Informationen \u00fcber Impressum\">Weiterlesen<\/a><\/p>\n","protected":false},"author":1,"featured_media":0,"parent":0,"menu_order":0,"comment_status":"closed","ping_status":"closed","template":"","meta":{"_metis_text_type":"standard","_metis_text_length":1343,"_post_count":0,"_vp_format_video_url":"","_vp_image_focal_point":[],"footnotes":""},"class_list":["post-1005","page","type-page","status-publish"],"yoast_head":"<!-- This site is optimized with the Yoast SEO plugin v25.3 - https:\/\/yoast.com\/wordpress\/plugins\/seo\/ -->\n<title>Impressum | makena stories<\/title>\n<meta name=\"robots\" content=\"index, follow, max-snippet:-1, max-image-preview:large, max-video-preview:-1\" \/>\n<link rel=\"canonical\" href=\"https:\/\/www.makena.de\/stories\/impressum\/\" \/>\n<meta property=\"og:locale\" content=\"de_DE\" \/>\n<meta property=\"og:type\" content=\"article\" \/>\n<meta property=\"og:title\" content=\"Impressum | makena stories\" \/>\n<meta property=\"og:description\" content=\"Impressum \u201emakena Architektur &amp; Design stories\u201c ver\u00f6ffentlicht von:makena plangrafik GbRArchitektur &amp; DesignKarl-Heine-Stra\u00dfe 9104229 Leipzig Vertreten durch:Babett B\u00f6rnerKatrin Hofmann KontaktTelefon: (0341) 46108930Telefax: (0341) 46108931E-Mail: stories@makena.de Umsatzsteuer-IDUmsatzsteuer-Identifikationsnummer gem\u00e4\u00df \u00a7 27 a Umsatzsteuergesetz:DE268037307 Berufsbezeichnung und berufsrechtliche Regelungen Berufsbezeichnung:Babett B\u00f6rner, Architektin Zust\u00e4ndige Kammer:Architektenkammer SachsenK\u00f6rperschaft des \u00f6ffentlichen RechtsHaus der ArchitektenGoetheallee 3701309 Dresden Verliehen in:Deutschland Angaben zur Berufs\u00adhaftpflicht\u00adversicherung Name und Sitz ... Weiterlesen\" \/>\n<meta property=\"og:url\" content=\"https:\/\/www.makena.de\/stories\/impressum\/\" \/>\n<meta property=\"og:site_name\" content=\"makena stories\" \/>\n<meta property=\"article:publisher\" content=\"https:\/\/www.instagram.de\/makenastories\" \/>\n<meta property=\"article:modified_time\" content=\"2025-04-14T09:19:59+00:00\" \/>\n<meta name=\"twitter:card\" content=\"summary_large_image\" \/>\n<meta name=\"twitter:label1\" content=\"Gesch\u00e4tzte Lesezeit\" \/>\n\t<meta name=\"twitter:data1\" content=\"1\u00a0Minute\" \/>\n<script type=\"application\/ld+json\" class=\"yoast-schema-graph\">{\"@context\":\"https:\/\/schema.org\",\"@graph\":[{\"@type\":\"WebPage\",\"@id\":\"https:\/\/www.makena.de\/stories\/impressum\/\",\"url\":\"https:\/\/www.makena.de\/stories\/impressum\/\",\"name\":\"Impressum | makena stories\",\"isPartOf\":{\"@id\":\"https:\/\/www.makena.de\/stories\/#website\"},\"datePublished\":\"2025-01-23T12:33:17+00:00\",\"dateModified\":\"2025-04-14T09:19:59+00:00\",\"breadcrumb\":{\"@id\":\"https:\/\/www.makena.de\/stories\/impressum\/#breadcrumb\"},\"inLanguage\":\"de\",\"potentialAction\":[{\"@type\":\"ReadAction\",\"target\":[\"https:\/\/www.makena.de\/stories\/impressum\/\"]}]},{\"@type\":\"BreadcrumbList\",\"@id\":\"https:\/\/www.makena.de\/stories\/impressum\/#breadcrumb\",\"itemListElement\":[{\"@type\":\"ListItem\",\"position\":1,\"name\":\"Startseite\",\"item\":\"https:\/\/www.makena.de\/stories\/\"},{\"@type\":\"ListItem\",\"position\":2,\"name\":\"Impressum\"}]},{\"@type\":\"WebSite\",\"@id\":\"https:\/\/www.makena.de\/stories\/#website\",\"url\":\"https:\/\/www.makena.de\/stories\/\",\"name\":\"makena stories\",\"description\":\"makena Architektur &amp; design stories\",\"publisher\":{\"@id\":\"https:\/\/www.makena.de\/stories\/#organization\"},\"potentialAction\":[{\"@type\":\"SearchAction\",\"target\":{\"@type\":\"EntryPoint\",\"urlTemplate\":\"https:\/\/www.makena.de\/stories\/?s={search_term_string}\"},\"query-input\":{\"@type\":\"PropertyValueSpecification\",\"valueRequired\":true,\"valueName\":\"search_term_string\"}}],\"inLanguage\":\"de\"},{\"@type\":\"Organization\",\"@id\":\"https:\/\/www.makena.de\/stories\/#organization\",\"name\":\"makena stories\",\"url\":\"https:\/\/www.makena.de\/stories\/\",\"logo\":{\"@type\":\"ImageObject\",\"inLanguage\":\"de\",\"@id\":\"https:\/\/www.makena.de\/stories\/#\/schema\/logo\/image\/\",\"url\":\"https:\/\/www.makena.de\/stories\/wp-content\/uploads\/2024\/09\/241128-makena-stories-Corporate-Design-Logo.png\",\"contentUrl\":\"https:\/\/www.makena.de\/stories\/wp-content\/uploads\/2024\/09\/241128-makena-stories-Corporate-Design-Logo.png\",\"width\":4168,\"height\":1722,\"caption\":\"makena stories\"},\"image\":{\"@id\":\"https:\/\/www.makena.de\/stories\/#\/schema\/logo\/image\/\"},\"sameAs\":[\"https:\/\/www.instagram.de\/makenastories\",\"https:\/\/www.linkedin.com\/company\/makena-stories\/\",\"https:\/\/www.threads.net\/@makenastories\"]}]}<\/script>\n<!-- \/ Yoast SEO plugin. -->","yoast_head_json":{"title":"Impressum | makena stories","robots":{"index":"index","follow":"follow","max-snippet":"max-snippet:-1","max-image-preview":"max-image-preview:large","max-video-preview":"max-video-preview:-1"},"canonical":"https:\/\/www.makena.de\/stories\/impressum\/","og_locale":"de_DE","og_type":"article","og_title":"Impressum | makena stories","og_description":"Impressum \u201emakena Architektur &amp; Design stories\u201c ver\u00f6ffentlicht von:makena plangrafik GbRArchitektur &amp; DesignKarl-Heine-Stra\u00dfe 9104229 Leipzig Vertreten durch:Babett B\u00f6rnerKatrin Hofmann KontaktTelefon: (0341) 46108930Telefax: (0341) 46108931E-Mail: stories@makena.de Umsatzsteuer-IDUmsatzsteuer-Identifikationsnummer gem\u00e4\u00df \u00a7 27 a Umsatzsteuergesetz:DE268037307 Berufsbezeichnung und berufsrechtliche Regelungen Berufsbezeichnung:Babett B\u00f6rner, Architektin Zust\u00e4ndige Kammer:Architektenkammer SachsenK\u00f6rperschaft des \u00f6ffentlichen RechtsHaus der ArchitektenGoetheallee 3701309 Dresden Verliehen in:Deutschland Angaben zur Berufs\u00adhaftpflicht\u00adversicherung Name und Sitz ... Weiterlesen","og_url":"https:\/\/www.makena.de\/stories\/impressum\/","og_site_name":"makena stories","article_publisher":"https:\/\/www.instagram.de\/makenastories","article_modified_time":"2025-04-14T09:19:59+00:00","twitter_card":"summary_large_image","twitter_misc":{"Gesch\u00e4tzte Lesezeit":"1\u00a0Minute"},"schema":{"@context":"https:\/\/schema.org","@graph":[{"@type":"WebPage","@id":"https:\/\/www.makena.de\/stories\/impressum\/","url":"https:\/\/www.makena.de\/stories\/impressum\/","name":"Impressum | makena stories","isPartOf":{"@id":"https:\/\/www.makena.de\/stories\/#website"},"datePublished":"2025-01-23T12:33:17+00:00","dateModified":"2025-04-14T09:19:59+00:00","breadcrumb":{"@id":"https:\/\/www.makena.de\/stories\/impressum\/#breadcrumb"},"inLanguage":"de","potentialAction":[{"@type":"ReadAction","target":["https:\/\/www.makena.de\/stories\/impressum\/"]}]},{"@type":"BreadcrumbList","@id":"https:\/\/www.makena.de\/stories\/impressum\/#breadcrumb","itemListElement":[{"@type":"ListItem","position":1,"name":"Startseite","item":"https:\/\/www.makena.de\/stories\/"},{"@type":"ListItem","position":2,"name":"Impressum"}]},{"@type":"WebSite","@id":"https:\/\/www.makena.de\/stories\/#website","url":"https:\/\/www.makena.de\/stories\/","name":"makena stories","description":"makena Architektur &amp; design stories","publisher":{"@id":"https:\/\/www.makena.de\/stories\/#organization"},"potentialAction":[{"@type":"SearchAction","target":{"@type":"EntryPoint","urlTemplate":"https:\/\/www.makena.de\/stories\/?s={search_term_string}"},"query-input":{"@type":"PropertyValueSpecification","valueRequired":true,"valueName":"search_term_string"}}],"inLanguage":"de"},{"@type":"Organization","@id":"https:\/\/www.makena.de\/stories\/#organization","name":"makena stories","url":"https:\/\/www.makena.de\/stories\/","logo":{"@type":"ImageObject","inLanguage":"de","@id":"https:\/\/www.makena.de\/stories\/#\/schema\/logo\/image\/","url":"https:\/\/www.makena.de\/stories\/wp-content\/uploads\/2024\/09\/241128-makena-stories-Corporate-Design-Logo.png","contentUrl":"https:\/\/www.makena.de\/stories\/wp-content\/uploads\/2024\/09\/241128-makena-stories-Corporate-Design-Logo.png","width":4168,"height":1722,"caption":"makena stories"},"image":{"@id":"https:\/\/www.makena.de\/stories\/#\/schema\/logo\/image\/"},"sameAs":["https:\/\/www.instagram.de\/makenastories","https:\/\/www.linkedin.com\/company\/makena-stories\/","https:\/\/www.threads.net\/@makenastories"]}]}},"_links":{"self":[{"href":"https:\/\/www.makena.de\/stories\/wp-json\/wp\/v2\/pages\/1005","targetHints":{"allow":["GET"]}}],"collection":[{"href":"https:\/\/www.makena.de\/stories\/wp-json\/wp\/v2\/pages"}],"about":[{"href":"https:\/\/www.makena.de\/stories\/wp-json\/wp\/v2\/types\/page"}],"author":[{"embeddable":true,"href":"https:\/\/www.makena.de\/stories\/wp-json\/wp\/v2\/users\/1"}],"replies":[{"embeddable":true,"href":"https:\/\/www.makena.de\/stories\/wp-json\/wp\/v2\/comments?post=1005"}],"version-history":[{"count":10,"href":"https:\/\/www.makena.de\/stories\/wp-json\/wp\/v2\/pages\/1005\/revisions"}],"predecessor-version":[{"id":1807,"href":"https:\/\/www.makena.de\/stories\/wp-json\/wp\/v2\/pages\/1005\/revisions\/1807"}],"wp:attachment":[{"href":"https:\/\/www.makena.de\/stories\/wp-json\/wp\/v2\/media?parent=1005"}],"curies":[{"name":"wp","href":"https:\/\/api.w.org\/{rel}","templated":true}]}}